{"id":3,"date":"2022-05-25T11:51:56","date_gmt":"2022-05-25T11:51:56","guid":{"rendered":"https:\/\/www.apartments-zuhaus.at\/?page_id=3"},"modified":"2022-09-21T16:00:22","modified_gmt":"2022-09-21T16:00:22","slug":"datenschutz","status":"publish","type":"page","link":"https:\/\/www.apartments-zuhaus.at\/en\/datenschutz","title":{"rendered":"Datenschutz"},"content":{"rendered":"<div data-elementor-type=\"wp-page\" data-elementor-id=\"3\" class=\"elementor elementor-3\">\n\t\t\t\t\t\t\t\t\t<section class=\"elementor-section elementor-top-section elementor-element elementor-element-39f8c277 elementor-section-boxed elementor-section-height-default elementor-section-height-default\" data-id=\"39f8c277\" data-element_type=\"section\">\n\t\t\t\t\t\t<div class=\"elementor-container elementor-column-gap-default\">\n\t\t\t\t\t<div class=\"elementor-column elementor-col-100 elementor-top-column elementor-element elementor-element-29807ba7\" data-id=\"29807ba7\" data-element_type=\"column\">\n\t\t\t<div class=\"elementor-widget-wrap elementor-element-populated\">\n\t\t\t\t\t\t\t\t<div class=\"elementor-element elementor-element-75f7f6d9 elementor-widget elementor-widget-text-editor\" data-id=\"75f7f6d9\" data-element_type=\"widget\" data-widget_type=\"text-editor.default\">\n\t\t\t\t<div class=\"elementor-widget-container\">\n\t\t\t<style>\/*! elementor - v3.13.3 - 22-05-2023 *\/\n.elementor-widget-text-editor.elementor-drop-cap-view-stacked .elementor-drop-cap{background-color:#69727d;color:#fff}.elementor-widget-text-editor.elementor-drop-cap-view-framed .elementor-drop-cap{color:#69727d;border:3px solid;background-color:transparent}.elementor-widget-text-editor:not(.elementor-drop-cap-view-default) .elementor-drop-cap{margin-top:8px}.elementor-widget-text-editor:not(.elementor-drop-cap-view-default) .elementor-drop-cap-letter{width:1em;height:1em}.elementor-widget-text-editor .elementor-drop-cap{float:left;text-align:center;line-height:1;font-size:50px}.elementor-widget-text-editor .elementor-drop-cap-letter{display:inline-block}<\/style>\t\t\t\t<p>Wir nehmen den Schutz der pers\u00f6nlichen Daten unserer Nutzer sehr ernst und halten uns strikt an die Regeln der Datenschutzgesetze (u.a. TMG). Ebenso werden die erhobenen Daten durch technische und organisatorische Ma\u00dfnahmen in unserer IT-Sicherheitspolitik nach besten M\u00f6glichkeiten gesch\u00fctzt. Eine Weitergabe Ihrer Daten an Dritte erfolgt grunds\u00e4tzlich nicht. Ausnahmen hiervon gelten nur im Fall gesetzlicher bzw. rechtlicher Verpflichtung oder wenn Sie ausdr\u00fccklich in eine solche Weitergabe eingewilligt haben oder diese w\u00fcnschen.<br \/>Ihre pers\u00f6nlichen Daten werden bei der Erfassung, Verarbeitung und w\u00e4hrend des Besuchs auf unserer Website nach besten Kr\u00e4ften und dem Stand der Technik entsprechend gesch\u00fctzt.<br \/>An dieser Stelle sei darauf hingewiesen, dass wir externe Links sorgf\u00e4ltig pr\u00fcfen; sollten sie dennoch Ihre Rechte beeintr\u00e4chtigen, bitte beachten Sie, dass wir nicht f\u00fcr den Inhalt und die Sicherheit dieser externen Links haften.<\/p>\n<h3>1. Pers\u00f6nliche Angaben<\/h3>\n<p>Pers\u00f6nliche Angaben werden auf unserer Website nur erfasst und verarbeitet, wenn Sie diese Angaben aktiv angegeben haben, zB bei einer Anfrage. Indirekte pers\u00f6nliche Angaben werden mit Ausnahme der IP-Adresse, deren Speicherung zur Nutzung dieses Service technisch notwendig ist, nicht gespeichert oder verarbeitet.<br \/>Verschl\u00fcsselungen und Zugangsbeschr\u00e4nkungen bieten den besten Schutz gegen einen unerlaubten Zugriff auf \u00fcbermittelte oder gespeicherte Angaben.<\/p>\n<h3>2. Gebrauch und Weitergabe von pers\u00f6nlichen Angaben<\/h3>\n<p>Von Ihnen an uns \u00fcbermittelte pers\u00f6nliche Angaben werden nur zur Beantwortung Ihrer Fragen, zum Abschluss von Vertr\u00e4gen und f\u00fcr die technische Verwaltung verwendet und nur auf Anfrage von \u00f6sterreichischen Beh\u00f6rden nach entsprechenden Gerichtsverfahren weitergegeben.<br \/>Ihre pers\u00f6nlichen Angaben werden an Dritte nur dann weitergegeben, wenn dies f\u00fcr die Vertragsausf\u00fchrung erforderlich ist bzw nachdem Sie Ihre Zustimmung gegeben haben. Sie haben das Recht, Ihre Zustimmung jederzeit zu widerrufen; der Widerruf ist ab dem Zeitpunkt des Widerrufs g\u00fcltig. Wir schicken Ihnen Werbung oder Newsletter per E-Mail oder auf anderen elektronischen Wegen nur, wenn Sie dem zustimmen. Sie k\u00f6nnen Werbung oder Newsletter auf Wunsch jederzeit und kostenfrei abbestellen, indem Sie uns einen Brief oder eine E-Mail schicken; die Kontaktangaben sind in unserem Impressum angegeben.<\/p>\n<h3>3. Recht auf Auskunft \u00fcber die Angaben sowie auf Korrektur und L\u00f6schung der Angaben<\/h3>\n<p>Sie k\u00f6nnen jederzeit Auskunft \u00fcber die von Ihnen gespeicherte Angaben verlangen und sind gem\u00e4\u00df den Bestimmungen des Datenschutzgesetzes (insbesondere \u00a7\u00a726 bis 28 DSG) berechtigt, Angaben korrigieren oder l\u00f6schen zu lassen. Bitte schicken Sie uns f\u00fcr solche F\u00e4lle einen Brief an die im Impressum angegebene Adresse unseres Unternehmens.<\/p>\n<h3>4. Cookies<\/h3>\n<p>An verschiedenen Stellen unserer Internetseite werden Cookies verwendet. Cookies sind kleine Textdateien, die einen Benutzer bei erneuter Nutzung der Seite wiedererkennen. Hierbei werden jedoch keine pers\u00f6nlichen Angaben, wie Name oder Adresse, gespeichert.<br \/>Oder in anderen Worten: Sie k\u00f6nnen durch die betreffenden Informationen nicht identifiziert werden. Wir verwenden Cookies, um unsere Angebote auf Ihre Bed\u00fcrfnisse zuzuschneiden und zu analysieren, wie diese Angebote verwendet werden. Sie k\u00f6nnen Ihren Browser so einstellen, dass Ihre Einwilligung vor der Verwendung eines Cookies eingeholt werden muss oder die Verwendung von Cookies generell blockiert wird. Unsere Angebote k\u00f6nnen grunds\u00e4tzlich auch ohne Cookies verwendet werden.<\/p>\n<h3>5. Soziale Netzwerke und automatisches Herunterladen von Images<\/h3>\n<p>Wir arbeiten vielleicht in Zukunft mit verschieden sozialen Netzwerken zusammen. Bei Nutzung dieses Service wird Ihr Browser automatisch mit dem betreffenden Netzwerk verbunden und \u00fcbermittelt dabei Ihre IPAdresse und auch andere Informationen, wie Cookies, wenn Sie die betreffende Plattform bereits zuvor besucht haben.<br \/>Wir vermeiden, soweit m\u00f6glich, diese Art von Daten\u00fcbertragung solange, bis Sie mit einer der Plattformen tats\u00e4chlich interagieren. Durch Anklicken des betreffenden Symbols (zB Facebook-Logo) geben Sie an, dass Sie bereit sind, mit der ausgew\u00e4hlten Plattform zu kommunizieren (in diesem Fall Facebook) und dass Informationen \u00fcber Sie, wie Ihre IP-Adresse, diesem sozialen Netzwerk \u00fcbermittelt werden.<\/p>\n<h3>6. Web Analytics<\/h3>\n<p>Unsere Website verwendet Funktionen des Webanalysedienstes &#8211; Google Analytics (Google LLC, Mountain View<br \/>1600 Amphitheatre Parkway Mountain View, CA 94043 USA). Um eine bessere statistische Auswertung unseres Besucherstroms zu gewinnen, erstellen wir mit Hilfe von Google Analytics Statistiken, die keinerlei personenbezogene Daten enthalten. Google Analytics Datenschutzbestimmungen<br \/>Dazu werden Cookies verwendet, die eine Analyse der Benutzung der Website durch Ihre Benutzer erm\u00f6glicht. Die dadurch erzeugten Informationen werden auf den Server des Anbieters \u00fcbertragen und dort gespeichert.<br \/>Sie k\u00f6nnen dies verhindern, indem Sie Ihren Browser so einrichten, dass keine Cookies gespeichert werden.<\/p>\n<h3>7. Newsletter<\/h3>\n<p>Sie haben die M\u00f6glichkeit, \u00fcber unsere Website unseren Newsletter zu abonnieren. Hierf\u00fcr ben\u00f6tigen wir Ihre E-Mail-Adresse und ihre Erkl\u00e4rung, dass Sie mit dem Bezug des Newsletters einverstanden sind.<br \/>Das Abo des Newsletters k\u00f6nnen Sie jederzeit stornieren. Senden Sie Ihre Stornierung bitte an folgende E-Mail-Adresse: urlaub@apartments-zuhaus.at Wir l\u00f6schen anschlie\u00dfend umgehend Ihre Daten im Zusammenhang mit dem Newsletter-Versand.<\/p>\n<h3>8. Ihre Rechte<\/h3>\n<p>Ihnen stehen grunds\u00e4tzlich die Rechte auf Auskunft, Berichtigung, L\u00f6schung, Einschr\u00e4nkung, Daten\u00fcbertragbarkeit, Widerruf und Widerspruch zu. Wenn Sie glauben, dass die Verarbeitung Ihrer Daten gegen das Datenschutzrecht verst\u00f6\u00dft oder Ihre datenschutzrechtlichen Anspr\u00fcche sonst in einer Weise verletzt worden sind, k\u00f6nnen Sie sich bei der Aufsichtsbeh\u00f6rde beschweren. In \u00d6sterreich ist dies die Datenschutzbeh\u00f6rde.<\/p>\t\t\t\t\t\t<\/div>\n\t\t\t\t<\/div>\n\t\t\t\t\t<\/div>\n\t\t<\/div>\n\t\t\t\t\t\t\t<\/div>\n\t\t<\/section>\n\t\t\t\t\t\t\t<\/div>","protected":false},"excerpt":{"rendered":"<p>Wir nehmen den Schutz der pers\u00f6nlichen Daten unserer Nutzer sehr ernst und halten uns strikt an die Regeln der Datenschutzgesetze (u.a. TMG). Ebenso werden die erhobenen Daten durch technische und organisatorische Ma\u00dfnahmen in unserer IT-Sicherheitspolitik nach besten M\u00f6glichkeiten gesch\u00fctzt. Eine Weitergabe Ihrer Daten an Dritte erfolgt grunds\u00e4tzlich nicht. Ausnahmen hiervon gelten nur im Fall gesetzlicher &hellip;<\/p>\n<p class=\"read-more\"> <a class=\"\" href=\"https:\/\/www.apartments-zuhaus.at\/en\/datenschutz\"> <span class=\"screen-reader-text\">Datenschutz<\/span> Read More &raquo;<\/a><\/p>","protected":false},"author":1,"featured_media":0,"parent":0,"menu_order":0,"comment_status":"closed","ping_status":"closed","template":"","meta":{"site-sidebar-layout":"default","site-content-layout":"default","ast-global-header-display":"","ast-banner-title-visibility":"","ast-main-header-display":"","ast-hfb-above-header-display":"","ast-hfb-below-header-display":"","ast-hfb-mobile-header-display":"","site-post-title":"","ast-breadcrumbs-content":"","ast-featured-img":"","footer-sml-layout":"","theme-transparent-header-meta":"","adv-header-id-meta":"","stick-header-meta":"","header-above-stick-meta":"","header-main-stick-meta":"","header-below-stick-meta":"","footnotes":""},"class_list":["post-3","page","type-page","status-publish","hentry"],"_links":{"self":[{"href":"https:\/\/www.apartments-zuhaus.at\/en\/wp-json\/wp\/v2\/pages\/3","targetHints":{"allow":["GET"]}}],"collection":[{"href":"https:\/\/www.apartments-zuhaus.at\/en\/wp-json\/wp\/v2\/pages"}],"about":[{"href":"https:\/\/www.apartments-zuhaus.at\/en\/wp-json\/wp\/v2\/types\/page"}],"author":[{"embeddable":true,"href":"https:\/\/www.apartments-zuhaus.at\/en\/wp-json\/wp\/v2\/users\/1"}],"replies":[{"embeddable":true,"href":"https:\/\/www.apartments-zuhaus.at\/en\/wp-json\/wp\/v2\/comments?post=3"}],"version-history":[{"count":10,"href":"https:\/\/www.apartments-zuhaus.at\/en\/wp-json\/wp\/v2\/pages\/3\/revisions"}],"predecessor-version":[{"id":786,"href":"https:\/\/www.apartments-zuhaus.at\/en\/wp-json\/wp\/v2\/pages\/3\/revisions\/786"}],"wp:attachment":[{"href":"https:\/\/www.apartments-zuhaus.at\/en\/wp-json\/wp\/v2\/media?parent=3"}],"curies":[{"name":"wp","href":"https:\/\/api.w.org\/{rel}","templated":true}]}}