{"id":815,"date":"2022-09-20T10:48:44","date_gmt":"2022-09-20T10:48:44","guid":{"rendered":"https:\/\/www.apartments-zuhaus.at\/?page_id=815"},"modified":"2022-09-21T16:09:51","modified_gmt":"2022-09-21T16:09:51","slug":"apartment-1-eg","status":"publish","type":"page","link":"https:\/\/www.apartments-zuhaus.at\/en\/apartment-1-eg","title":{"rendered":"Flat 1 ground floor"},"content":{"rendered":"<div data-elementor-type=\"wp-page\" data-elementor-id=\"815\" class=\"elementor elementor-815\">\n\t\t\t\t\t\t\t\t\t<section class=\"elementor-section elementor-top-section elementor-element elementor-element-249ae8af elementor-section-height-min-height elementor-section-boxed elementor-section-height-default elementor-section-items-middle\" data-id=\"249ae8af\" data-element_type=\"section\" data-settings=\"{&quot;background_background&quot;:&quot;classic&quot;}\">\n\t\t\t\t\t\t\t<div class=\"elementor-background-overlay\"><\/div>\n\t\t\t\t\t\t\t<div class=\"elementor-container elementor-column-gap-no\">\n\t\t\t\t\t<div class=\"elementor-column elementor-col-100 elementor-top-column elementor-element elementor-element-6e410a7\" data-id=\"6e410a7\" data-element_type=\"column\">\n\t\t\t<div class=\"elementor-widget-wrap elementor-element-populated\">\n\t\t\t\t\t\t\t\t<div class=\"elementor-element elementor-element-2075eb20 elementor-widget elementor-widget-heading\" data-id=\"2075eb20\" data-element_type=\"widget\" data-widget_type=\"heading.default\">\n\t\t\t\t<div class=\"elementor-widget-container\">\n\t\t\t<style>\/*! elementor - v3.13.3 - 22-05-2023 *\/\n.elementor-heading-title{padding:0;margin:0;line-height:1}.elementor-widget-heading .elementor-heading-title[class*=elementor-size-]>a{color:inherit;font-size:inherit;line-height:inherit}.elementor-widget-heading .elementor-heading-title.elementor-size-small{font-size:15px}.elementor-widget-heading .elementor-heading-title.elementor-size-medium{font-size:19px}.elementor-widget-heading .elementor-heading-title.elementor-size-large{font-size:29px}.elementor-widget-heading .elementor-heading-title.elementor-size-xl{font-size:39px}.elementor-widget-heading .elementor-heading-title.elementor-size-xxl{font-size:59px}<\/style><h1 class=\"elementor-heading-title elementor-size-default\">Flat 1 ground floor<\/h1>\t\t<\/div>\n\t\t\t\t<\/div>\n\t\t\t\t\t<\/div>\n\t\t<\/div>\n\t\t\t\t\t\t\t<\/div>\n\t\t<\/section>\n\t\t\t\t<section class=\"elementor-section elementor-top-section elementor-element elementor-element-ee45da8 elementor-section-content-middle elementor-section-boxed elementor-section-height-default elementor-section-height-default\" data-id=\"ee45da8\" data-element_type=\"section\">\n\t\t\t\t\t\t<div class=\"elementor-container elementor-column-gap-no\">\n\t\t\t\t\t<div class=\"elementor-column elementor-col-100 elementor-top-column elementor-element elementor-element-cdb8f6c\" data-id=\"cdb8f6c\" data-element_type=\"column\">\n\t\t\t<div class=\"elementor-widget-wrap elementor-element-populated\">\n\t\t\t\t\t\t\t\t<section class=\"elementor-section elementor-inner-section elementor-element elementor-element-73dc337 elementor-section-content-middle elementor-section-boxed elementor-section-height-default elementor-section-height-default\" data-id=\"73dc337\" data-element_type=\"section\">\n\t\t\t\t\t\t<div class=\"elementor-container elementor-column-gap-default\">\n\t\t\t\t\t<div class=\"elementor-column elementor-col-50 elementor-inner-column elementor-element elementor-element-d668f61\" data-id=\"d668f61\" data-element_type=\"column\">\n\t\t\t<div class=\"elementor-widget-wrap elementor-element-populated\">\n\t\t\t\t\t\t\t\t<div class=\"elementor-element elementor-element-c32f54c elementor-widget elementor-widget-image\" data-id=\"c32f54c\" data-element_type=\"widget\" data-widget_type=\"image.default\">\n\t\t\t\t<div class=\"elementor-widget-container\">\n\t\t\t<style>\/*! elementor - v3.13.3 - 22-05-2023 *\/\n.elementor-widget-image{text-align:center}.elementor-widget-image a{display:inline-block}.elementor-widget-image a img[src$=\".svg\"]{width:48px}.elementor-widget-image img{vertical-align:middle;display:inline-block}<\/style>\t\t\t\t\t\t\t\t\t\t\t\t<img loading=\"lazy\" decoding=\"async\" width=\"2400\" height=\"1600\" src=\"https:\/\/www.apartments-zuhaus.at\/wp-content\/uploads\/2022\/09\/Schlafzimmer-1-EG.jpg\" class=\"attachment-full size-full wp-image-868\" alt=\"\" srcset=\"https:\/\/www.apartments-zuhaus.at\/wp-content\/uploads\/2022\/09\/Schlafzimmer-1-EG.jpg 2400w, https:\/\/www.apartments-zuhaus.at\/wp-content\/uploads\/2022\/09\/Schlafzimmer-1-EG-300x200.jpg 300w, https:\/\/www.apartments-zuhaus.at\/wp-content\/uploads\/2022\/09\/Schlafzimmer-1-EG-1024x683.jpg 1024w, https:\/\/www.apartments-zuhaus.at\/wp-content\/uploads\/2022\/09\/Schlafzimmer-1-EG-768x512.jpg 768w, https:\/\/www.apartments-zuhaus.at\/wp-content\/uploads\/2022\/09\/Schlafzimmer-1-EG-1536x1024.jpg 1536w, https:\/\/www.apartments-zuhaus.at\/wp-content\/uploads\/2022\/09\/Schlafzimmer-1-EG-2048x1365.jpg 2048w, https:\/\/www.apartments-zuhaus.at\/wp-content\/uploads\/2022\/09\/Schlafzimmer-1-EG-18x12.jpg 18w\" sizes=\"auto, (max-width: 2400px) 100vw, 2400px\" \/>\t\t\t\t\t\t\t\t\t\t\t\t\t\t\t<\/div>\n\t\t\t\t<\/div>\n\t\t\t\t\t<\/div>\n\t\t<\/div>\n\t\t\t\t<div class=\"elementor-column elementor-col-50 elementor-inner-column elementor-element elementor-element-3843905\" data-id=\"3843905\" data-element_type=\"column\">\n\t\t\t<div class=\"elementor-widget-wrap elementor-element-populated\">\n\t\t\t\t\t\t\t\t<div class=\"elementor-element elementor-element-ab12897 elementor-widget elementor-widget-text-editor\" data-id=\"ab12897\" data-element_type=\"widget\" data-widget_type=\"text-editor.default\">\n\t\t\t\t<div class=\"elementor-widget-container\">\n\t\t\t<style>\/*! elementor - v3.13.3 - 22-05-2023 *\/\n.elementor-widget-text-editor.elementor-drop-cap-view-stacked .elementor-drop-cap{background-color:#69727d;color:#fff}.elementor-widget-text-editor.elementor-drop-cap-view-framed .elementor-drop-cap{color:#69727d;border:3px solid;background-color:transparent}.elementor-widget-text-editor:not(.elementor-drop-cap-view-default) .elementor-drop-cap{margin-top:8px}.elementor-widget-text-editor:not(.elementor-drop-cap-view-default) .elementor-drop-cap-letter{width:1em;height:1em}.elementor-widget-text-editor .elementor-drop-cap{float:left;text-align:center;line-height:1;font-size:50px}.elementor-widget-text-editor .elementor-drop-cap-letter{display:inline-block}<\/style>\t\t\t\t<p>Our ground-floor apartment offers our guests a modern space to relax whilst on holiday.<\/p><p><span style=\"font-style: inherit;font-weight: inherit;color: var(--ast-global-color-3)\">Our guests can also benefit from a large roofed terrace. Thanks to our open plan design and barrier-free doors and hallways all guests including disabled ones can access all parts of this flat easily.<\/span><\/p>\t\t\t\t\t\t<\/div>\n\t\t\t\t<\/div>\n\t\t\t\t\t<\/div>\n\t\t<\/div>\n\t\t\t\t\t\t\t<\/div>\n\t\t<\/section>\n\t\t\t\t\t<\/div>\n\t\t<\/div>\n\t\t\t\t\t\t\t<\/div>\n\t\t<\/section>\n\t\t\t\t<section class=\"elementor-section elementor-top-section elementor-element elementor-element-19092c7b elementor-section-boxed elementor-section-height-default elementor-section-height-default\" data-id=\"19092c7b\" data-element_type=\"section\" data-settings=\"{&quot;background_background&quot;:&quot;classic&quot;}\">\n\t\t\t\t\t\t<div class=\"elementor-container elementor-column-gap-wide\">\n\t\t\t\t\t<div class=\"elementor-column elementor-col-100 elementor-top-column elementor-element elementor-element-3090a1c4\" data-id=\"3090a1c4\" data-element_type=\"column\">\n\t\t\t<div class=\"elementor-widget-wrap elementor-element-populated\">\n\t\t\t\t\t\t\t\t<section class=\"elementor-section elementor-inner-section elementor-element elementor-element-55c9253 elementor-section-content-middle elementor-section-boxed elementor-section-height-default elementor-section-height-default\" data-id=\"55c9253\" data-element_type=\"section\" data-settings=\"{&quot;background_background&quot;:&quot;classic&quot;}\">\n\t\t\t\t\t\t<div class=\"elementor-container elementor-column-gap-default\">\n\t\t\t\t\t<div class=\"elementor-column elementor-col-50 elementor-inner-column elementor-element elementor-element-211f3b8\" data-id=\"211f3b8\" data-element_type=\"column\" data-settings=\"{&quot;background_background&quot;:&quot;classic&quot;}\">\n\t\t\t<div class=\"elementor-widget-wrap elementor-element-populated\">\n\t\t\t\t\t<div class=\"elementor-background-overlay\"><\/div>\n\t\t\t\t\t\t\t\t<div class=\"elementor-element elementor-element-cb80f97 elementor-widget elementor-widget-image\" data-id=\"cb80f97\" data-element_type=\"widget\" data-widget_type=\"image.default\">\n\t\t\t\t<div class=\"elementor-widget-container\">\n\t\t\t\t\t\t\t\t\t\t\t\t\t\t\t<img loading=\"lazy\" decoding=\"async\" width=\"1024\" height=\"852\" src=\"https:\/\/www.apartments-zuhaus.at\/wp-content\/uploads\/2022\/06\/Plan_Wohnung1-1024x852.jpg\" class=\"attachment-large size-large wp-image-641\" alt=\"\" srcset=\"https:\/\/www.apartments-zuhaus.at\/wp-content\/uploads\/2022\/06\/Plan_Wohnung1-1024x852.jpg 1024w, https:\/\/www.apartments-zuhaus.at\/wp-content\/uploads\/2022\/06\/Plan_Wohnung1-300x250.jpg 300w, https:\/\/www.apartments-zuhaus.at\/wp-content\/uploads\/2022\/06\/Plan_Wohnung1-768x639.jpg 768w, https:\/\/www.apartments-zuhaus.at\/wp-content\/uploads\/2022\/06\/Plan_Wohnung1-14x12.jpg 14w, https:\/\/www.apartments-zuhaus.at\/wp-content\/uploads\/2022\/06\/Plan_Wohnung1.jpg 1500w\" sizes=\"auto, (max-width: 1024px) 100vw, 1024px\" \/>\t\t\t\t\t\t\t\t\t\t\t\t\t\t\t<\/div>\n\t\t\t\t<\/div>\n\t\t\t\t<div class=\"elementor-element elementor-element-6f175d0 elementor-widget elementor-widget-heading\" data-id=\"6f175d0\" data-element_type=\"widget\" data-widget_type=\"heading.default\">\n\t\t\t\t<div class=\"elementor-widget-container\">\n\t\t\t<h6 class=\"elementor-heading-title elementor-size-default\">\u20ac 270,- \/ Nacht<\/h6>\t\t<\/div>\n\t\t\t\t<\/div>\n\t\t\t\t\t<\/div>\n\t\t<\/div>\n\t\t\t\t<div class=\"elementor-column elementor-col-50 elementor-inner-column elementor-element elementor-element-428ce3c\" data-id=\"428ce3c\" data-element_type=\"column\">\n\t\t\t<div class=\"elementor-widget-wrap elementor-element-populated\">\n\t\t\t\t\t\t\t\t<div class=\"elementor-element elementor-element-e4400d9 elementor-widget elementor-widget-heading\" data-id=\"e4400d9\" data-element_type=\"widget\" data-widget_type=\"heading.default\">\n\t\t\t\t<div class=\"elementor-widget-container\">\n\t\t\t<h4 class=\"elementor-heading-title elementor-size-default\">Flat 1 ground floor<\/h4>\t\t<\/div>\n\t\t\t\t<\/div>\n\t\t\t\t<div class=\"elementor-element elementor-element-d645cce elementor-widget elementor-widget-text-editor\" data-id=\"d645cce\" data-element_type=\"widget\" data-widget_type=\"text-editor.default\">\n\t\t\t\t<div class=\"elementor-widget-container\">\n\t\t\t\t\t\t\t<ul><li>Approx. 80m\u00b2 with 2 bedrooms with double bed<\/li><li>Fully equipped kitchen with cooker, oven, coffee machine, microwave, kettle,\u2026<\/li><li>Spacious bathroom with walk-in shower and washing machine<\/li><li>Separate WC<\/li><li>Terrace approx. 25m\u00b2<\/li><li>TV in all rooms<\/li><li>Free W-Lan<\/li><li>Free parking space<\/li><li>Handicapped accessible\n(Breakfast is not offered)<br \/>Breakfast not included<\/li><\/ul>\t\t\t\t\t\t<\/div>\n\t\t\t\t<\/div>\n\t\t\t\t\t<\/div>\n\t\t<\/div>\n\t\t\t\t\t\t\t<\/div>\n\t\t<\/section>\n\t\t\t\t\t<\/div>\n\t\t<\/div>\n\t\t\t\t\t\t\t<\/div>\n\t\t<\/section>\n\t\t\t\t<section class=\"elementor-section elementor-top-section elementor-element elementor-element-7a884937 elementor-section-boxed elementor-section-height-default elementor-section-height-default\" data-id=\"7a884937\" data-element_type=\"section\" id=\"gallery\" data-settings=\"{&quot;background_background&quot;:&quot;classic&quot;}\">\n\t\t\t\t\t\t<div class=\"elementor-container elementor-column-gap-default\">\n\t\t\t\t\t<div class=\"elementor-column elementor-col-100 elementor-top-column elementor-element elementor-element-7678e623\" data-id=\"7678e623\" data-element_type=\"column\">\n\t\t\t<div class=\"elementor-widget-wrap elementor-element-populated\">\n\t\t\t\t\t\t\t\t<div class=\"elementor-element elementor-element-1133884 elementor-widget elementor-widget-heading\" data-id=\"1133884\" data-element_type=\"widget\" data-widget_type=\"heading.default\">\n\t\t\t\t<div class=\"elementor-widget-container\">\n\t\t\t<h2 class=\"elementor-heading-title elementor-size-default\">Gallery<\/h2>\t\t<\/div>\n\t\t\t\t<\/div>\n\t\t\t\t<div class=\"elementor-element elementor-element-442e1557 elementor-arrows-position-inside elementor-widget elementor-widget-image-carousel\" data-id=\"442e1557\" data-element_type=\"widget\" data-settings=\"{&quot;slides_to_show&quot;:&quot;4&quot;,&quot;slides_to_show_tablet&quot;:&quot;3&quot;,&quot;slides_to_show_mobile&quot;:&quot;1&quot;,&quot;slides_to_scroll&quot;:&quot;1&quot;,&quot;navigation&quot;:&quot;arrows&quot;,&quot;autoplay_speed&quot;:4000,&quot;speed&quot;:1000,&quot;image_spacing_custom&quot;:{&quot;unit&quot;:&quot;px&quot;,&quot;size&quot;:30,&quot;sizes&quot;:[]},&quot;autoplay&quot;:&quot;yes&quot;,&quot;pause_on_hover&quot;:&quot;yes&quot;,&quot;pause_on_interaction&quot;:&quot;yes&quot;,&quot;infinite&quot;:&quot;yes&quot;,&quot;image_spacing_custom_tablet&quot;:{&quot;unit&quot;:&quot;px&quot;,&quot;size&quot;:&quot;&quot;,&quot;sizes&quot;:[]}}\" data-widget_type=\"image-carousel.default\">\n\t\t\t\t<div class=\"elementor-widget-container\">\n\t\t\t<style>\/*! elementor - v3.13.3 - 22-05-2023 *\/\n.elementor-widget-image-carousel .swiper,.elementor-widget-image-carousel .swiper-container{position:static}.elementor-widget-image-carousel .swiper-container .swiper-slide figure,.elementor-widget-image-carousel .swiper .swiper-slide figure{line-height:inherit}.elementor-widget-image-carousel .swiper-slide{text-align:center}.elementor-image-carousel-wrapper:not(.swiper-container-initialized):not(.swiper-initialized) .swiper-slide{max-width:calc(100% \/ var(--e-image-carousel-slides-to-show, 3))}<\/style>\t\t<div class=\"elementor-image-carousel-wrapper swiper-container\" dir=\"ltr\">\n\t\t\t<div class=\"elementor-image-carousel swiper-wrapper swiper-image-stretch\">\n\t\t\t\t\t\t\t\t<div class=\"swiper-slide\"><a data-elementor-open-lightbox=\"yes\" data-elementor-lightbox-slideshow=\"442e1557\" data-elementor-lightbox-title=\"DSC02850\" data-e-action-hash=\"#elementor-action%3Aaction%3Dlightbox%26settings%3DeyJpZCI6ODY1LCJ1cmwiOiJodHRwczpcL1wvd3d3LmFwYXJ0bWVudHMtenVoYXVzLmF0XC93cC1jb250ZW50XC91cGxvYWRzXC8yMDIyXC8wOVwvRFNDMDI4NTAtc2NhbGVkLmpwZyIsInNsaWRlc2hvdyI6IjQ0MmUxNTU3In0%3D\" href=\"https:\/\/www.apartments-zuhaus.at\/wp-content\/uploads\/2022\/09\/DSC02850-scaled.jpg\"><figure class=\"swiper-slide-inner\"><img decoding=\"async\" class=\"swiper-slide-image\" src=\"https:\/\/www.apartments-zuhaus.at\/wp-content\/uploads\/elementor\/thumbs\/DSC02850-scaled-pv3508vvruh6iz37ug2ksi5vj3mlj9n49e69yfya48.jpg\" alt=\"DSC02850\" \/><\/figure><\/a><\/div><div class=\"swiper-slide\"><a data-elementor-open-lightbox=\"yes\" data-elementor-lightbox-slideshow=\"442e1557\" data-elementor-lightbox-title=\"DSC02867\" data-e-action-hash=\"#elementor-action%3Aaction%3Dlightbox%26settings%3DeyJpZCI6ODY2LCJ1cmwiOiJodHRwczpcL1wvd3d3LmFwYXJ0bWVudHMtenVoYXVzLmF0XC93cC1jb250ZW50XC91cGxvYWRzXC8yMDIyXC8wOVwvRFNDMDI4Njctc2NhbGVkLmpwZyIsInNsaWRlc2hvdyI6IjQ0MmUxNTU3In0%3D\" href=\"https:\/\/www.apartments-zuhaus.at\/wp-content\/uploads\/2022\/09\/DSC02867-scaled.jpg\"><figure class=\"swiper-slide-inner\"><img decoding=\"async\" class=\"swiper-slide-image\" src=\"https:\/\/www.apartments-zuhaus.at\/wp-content\/uploads\/elementor\/thumbs\/DSC02867-scaled-pv350psz6v4cbyen3ndv1dw681b7dtiabpx0lf9708.jpg\" alt=\"DSC02867\" \/><\/figure><\/a><\/div><div class=\"swiper-slide\"><a data-elementor-open-lightbox=\"yes\" data-elementor-lightbox-slideshow=\"442e1557\" data-elementor-lightbox-title=\"DSC02878 (1)\" data-e-action-hash=\"#elementor-action%3Aaction%3Dlightbox%26settings%3DeyJpZCI6ODY3LCJ1cmwiOiJodHRwczpcL1wvd3d3LmFwYXJ0bWVudHMtenVoYXVzLmF0XC93cC1jb250ZW50XC91cGxvYWRzXC8yMDIyXC8wOVwvRFNDMDI4NzgtMS1zY2FsZWQuanBnIiwic2xpZGVzaG93IjoiNDQyZTE1NTcifQ%3D%3D\" href=\"https:\/\/www.apartments-zuhaus.at\/wp-content\/uploads\/2022\/09\/DSC02878-1-scaled.jpg\"><figure class=\"swiper-slide-inner\"><img decoding=\"async\" class=\"swiper-slide-image\" src=\"https:\/\/www.apartments-zuhaus.at\/wp-content\/uploads\/elementor\/thumbs\/DSC02878-1-scaled-pv3513wk1dnn63u5tbh9ksc34tdpla29dnpaskoaew.jpg\" alt=\"DSC02878 (1)\" \/><\/figure><\/a><\/div><div class=\"swiper-slide\"><a data-elementor-open-lightbox=\"yes\" data-elementor-lightbox-slideshow=\"442e1557\" data-elementor-lightbox-title=\"Schlafzimmer 1 EG\" data-e-action-hash=\"#elementor-action%3Aaction%3Dlightbox%26settings%3DeyJpZCI6ODY4LCJ1cmwiOiJodHRwczpcL1wvd3d3LmFwYXJ0bWVudHMtenVoYXVzLmF0XC93cC1jb250ZW50XC91cGxvYWRzXC8yMDIyXC8wOVwvU2NobGFmemltbWVyLTEtRUcuanBnIiwic2xpZGVzaG93IjoiNDQyZTE1NTcifQ%3D%3D\" href=\"https:\/\/www.apartments-zuhaus.at\/wp-content\/uploads\/2022\/09\/Schlafzimmer-1-EG.jpg\"><figure class=\"swiper-slide-inner\"><img decoding=\"async\" class=\"swiper-slide-image\" src=\"https:\/\/www.apartments-zuhaus.at\/wp-content\/uploads\/elementor\/thumbs\/Schlafzimmer-1-EG-pv351ahfd7wnfdklqwbnk8obaiha35sdqk9p5iej7c.jpg\" alt=\"Schlafzimmer 1 EG\" \/><\/figure><\/a><\/div><div class=\"swiper-slide\"><a data-elementor-open-lightbox=\"yes\" data-elementor-lightbox-slideshow=\"442e1557\" data-elementor-lightbox-title=\"XtiBXIw3dSTKwAFk9Xwy\" data-e-action-hash=\"#elementor-action%3Aaction%3Dlightbox%26settings%3DeyJpZCI6ODY5LCJ1cmwiOiJodHRwczpcL1wvd3d3LmFwYXJ0bWVudHMtenVoYXVzLmF0XC93cC1jb250ZW50XC91cGxvYWRzXC8yMDIyXC8wOVwvWHRpQlhJdzNkU1RLd0FGazlYd3kuanBnIiwic2xpZGVzaG93IjoiNDQyZTE1NTcifQ%3D%3D\" href=\"https:\/\/www.apartments-zuhaus.at\/wp-content\/uploads\/2022\/09\/XtiBXIw3dSTKwAFk9Xwy.jpg\"><figure class=\"swiper-slide-inner\"><img decoding=\"async\" class=\"swiper-slide-image\" src=\"https:\/\/www.apartments-zuhaus.at\/wp-content\/uploads\/elementor\/thumbs\/XtiBXIw3dSTKwAFk9Xwy-pv351cd3qvz82lhvfx4wp878ha80ijzuetko42bquw.jpg\" alt=\"XtiBXIw3dSTKwAFk9Xwy\" \/><\/figure><\/a><\/div>\t\t\t<\/div>\n\t\t\t\t\t\t\t\t\t\t\t\t\t\t\t\t<div class=\"elementor-swiper-button elementor-swiper-button-prev\" role=\"button\" tabindex=\"0\">\n\t\t\t\t\t\t<i aria-hidden=\"true\" class=\"eicon-chevron-left\"><\/i>\t\t\t\t\t\t<span class=\"elementor-screen-only\">Previous image<\/span>\n\t\t\t\t\t<\/div>\n\t\t\t\t\t<div class=\"elementor-swiper-button elementor-swiper-button-next\" role=\"button\" tabindex=\"0\">\n\t\t\t\t\t\t<i aria-hidden=\"true\" class=\"eicon-chevron-right\"><\/i>\t\t\t\t\t\t<span class=\"elementor-screen-only\">Next image<\/span>\n\t\t\t\t\t<\/div>\n\t\t\t\t\t\t\t\t\t<\/div>\n\t\t\t\t<\/div>\n\t\t\t\t<\/div>\n\t\t\t\t\t<\/div>\n\t\t<\/div>\n\t\t\t\t\t\t\t<\/div>\n\t\t<\/section>\n\t\t\t\t<section class=\"elementor-section elementor-top-section elementor-element elementor-element-790212bb elementor-section-content-middle elementor-section-boxed elementor-section-height-default elementor-section-height-default\" data-id=\"790212bb\" data-element_type=\"section\" data-settings=\"{&quot;background_background&quot;:&quot;classic&quot;}\">\n\t\t\t\t\t\t\t<div class=\"elementor-background-overlay\"><\/div>\n\t\t\t\t\t\t\t<div class=\"elementor-container elementor-column-gap-default\">\n\t\t\t\t\t<div class=\"elementor-column elementor-col-50 elementor-top-column elementor-element elementor-element-62b04519\" data-id=\"62b04519\" data-element_type=\"column\">\n\t\t\t<div class=\"elementor-widget-wrap elementor-element-populated\">\n\t\t\t\t\t\t\t\t<div class=\"elementor-element elementor-element-4c060227 elementor-widget elementor-widget-heading\" data-id=\"4c060227\" data-element_type=\"widget\" data-widget_type=\"heading.default\">\n\t\t\t\t<div class=\"elementor-widget-container\">\n\t\t\t<h2 class=\"elementor-heading-title elementor-size-default\">Escape To The Luxury This Summer<\/h2>\t\t<\/div>\n\t\t\t\t<\/div>\n\t\t\t\t<div class=\"elementor-element elementor-element-254f233b elementor-widget elementor-widget-text-editor\" data-id=\"254f233b\" data-element_type=\"widget\" data-widget_type=\"text-editor.default\">\n\t\t\t\t<div class=\"elementor-widget-container\">\n\t\t\t\t\t\t\t\t\t\t\t\t\t<\/div>\n\t\t\t\t<\/div>\n\t\t\t\t\t<\/div>\n\t\t<\/div>\n\t\t\t\t<div class=\"elementor-column elementor-col-50 elementor-top-column elementor-element elementor-element-4710765d\" data-id=\"4710765d\" data-element_type=\"column\">\n\t\t\t<div class=\"elementor-widget-wrap elementor-element-populated\">\n\t\t\t\t\t\t\t\t<div class=\"elementor-element elementor-element-1f116f92 elementor-align-right elementor-mobile-align-center elementor-tablet-align-center elementor-widget elementor-widget-button\" data-id=\"1f116f92\" data-element_type=\"widget\" data-widget_type=\"button.default\">\n\t\t\t\t<div class=\"elementor-widget-container\">\n\t\t\t\t\t<div class=\"elementor-button-wrapper\">\n\t\t\t<a href=\"#bookings\" class=\"elementor-button-link elementor-button elementor-size-lg\" role=\"button\">\n\t\t\t\t\t\t<span class=\"elementor-button-content-wrapper\">\n\t\t\t\t\t\t\t<span class=\"elementor-button-icon elementor-align-icon-right\">\n\t\t\t\t<i aria-hidden=\"true\" class=\"fas fa-long-arrow-alt-right\"><\/i>\t\t\t<\/span>\n\t\t\t\t\t\t<span class=\"elementor-button-text\">Make An Enquiry<\/span>\n\t\t<\/span>\n\t\t\t\t\t<\/a>\n\t\t<\/div>\n\t\t\t\t<\/div>\n\t\t\t\t<\/div>\n\t\t\t\t\t<\/div>\n\t\t<\/div>\n\t\t\t\t\t\t\t<\/div>\n\t\t<\/section>\n\t\t\t\t\t\t\t<\/div>","protected":false},"excerpt":{"rendered":"<p>Apartment 1 EG Unsere Apartment im Erdgeschoss bietet unseren G\u00e4sten einen modernen Raum zum Entspannen w\u00e4hrend ihres Urlaubs. Au\u00dferdem k\u00f6nnen unsere G\u00e4ste von einer gro\u00dfen \u00fcberdachten Terrasse aus genie\u00dfen. Dank der offenen Bauweise und der barrierefreien T\u00fcren und Flure k\u00f6nnen alle G\u00e4ste, auch Rollstuhlfahrer, alle Bereiche der Wohnung leicht erreichen. \u20ac 270,- \/ Nacht Apartment &hellip;<\/p>\n<p class=\"read-more\"> <a class=\"\" href=\"https:\/\/www.apartments-zuhaus.at\/en\/apartment-1-eg\"> <span class=\"screen-reader-text\">Flat 1 ground floor<\/span> Read More &raquo;<\/a><\/p>","protected":false},"author":1,"featured_media":0,"parent":0,"menu_order":0,"comment_status":"closed","ping_status":"closed","template":"","meta":{"site-sidebar-layout":"no-sidebar","site-content-layout":"page-builder","ast-global-header-display":"","ast-banner-title-visibility":"","ast-main-header-display":"","ast-hfb-above-header-display":"","ast-hfb-below-header-display":"","ast-hfb-mobile-header-display":"","site-post-title":"disabled","ast-breadcrumbs-content":"","ast-featured-img":"disabled","footer-sml-layout":"","theme-transparent-header-meta":"enabled","adv-header-id-meta":"","stick-header-meta":"","header-above-stick-meta":"","header-main-stick-meta":"","header-below-stick-meta":"","footnotes":""},"class_list":["post-815","page","type-page","status-publish","hentry"],"_links":{"self":[{"href":"https:\/\/www.apartments-zuhaus.at\/en\/wp-json\/wp\/v2\/pages\/815","targetHints":{"allow":["GET"]}}],"collection":[{"href":"https:\/\/www.apartments-zuhaus.at\/en\/wp-json\/wp\/v2\/pages"}],"about":[{"href":"https:\/\/www.apartments-zuhaus.at\/en\/wp-json\/wp\/v2\/types\/page"}],"author":[{"embeddable":true,"href":"https:\/\/www.apartments-zuhaus.at\/en\/wp-json\/wp\/v2\/users\/1"}],"replies":[{"embeddable":true,"href":"https:\/\/www.apartments-zuhaus.at\/en\/wp-json\/wp\/v2\/comments?post=815"}],"version-history":[{"count":31,"href":"https:\/\/www.apartments-zuhaus.at\/en\/wp-json\/wp\/v2\/pages\/815\/revisions"}],"predecessor-version":[{"id":909,"href":"https:\/\/www.apartments-zuhaus.at\/en\/wp-json\/wp\/v2\/pages\/815\/revisions\/909"}],"wp:attachment":[{"href":"https:\/\/www.apartments-zuhaus.at\/en\/wp-json\/wp\/v2\/media?parent=815"}],"curies":[{"name":"wp","href":"https:\/\/api.w.org\/{rel}","templated":true}]}}