{"id":886,"date":"2022-09-21T11:22:18","date_gmt":"2022-09-21T11:22:18","guid":{"rendered":"https:\/\/www.apartments-zuhaus.at\/?page_id=886"},"modified":"2022-09-21T11:25:34","modified_gmt":"2022-09-21T11:25:34","slug":"apartment-2-og","status":"publish","type":"page","link":"https:\/\/www.apartments-zuhaus.at\/en\/apartment-2-og","title":{"rendered":"Apartment 2 OG\u200b"},"content":{"rendered":"<div data-elementor-type=\"wp-page\" data-elementor-id=\"886\" class=\"elementor elementor-886\">\n\t\t\t\t\t\t\t\t\t<section class=\"elementor-section elementor-top-section elementor-element elementor-element-249ae8af elementor-section-height-min-height elementor-section-boxed elementor-section-height-default elementor-section-items-middle\" data-id=\"249ae8af\" data-element_type=\"section\" data-settings=\"{&quot;background_background&quot;:&quot;classic&quot;}\">\n\t\t\t\t\t\t\t<div class=\"elementor-background-overlay\"><\/div>\n\t\t\t\t\t\t\t<div class=\"elementor-container elementor-column-gap-no\">\n\t\t\t\t\t<div class=\"elementor-column elementor-col-100 elementor-top-column elementor-element elementor-element-6e410a7\" data-id=\"6e410a7\" data-element_type=\"column\">\n\t\t\t<div class=\"elementor-widget-wrap elementor-element-populated\">\n\t\t\t\t\t\t\t\t<div class=\"elementor-element elementor-element-2075eb20 elementor-widget elementor-widget-heading\" data-id=\"2075eb20\" data-element_type=\"widget\" data-widget_type=\"heading.default\">\n\t\t\t\t<div class=\"elementor-widget-container\">\n\t\t\t<style>\/*! elementor - v3.13.3 - 22-05-2023 *\/\n.elementor-heading-title{padding:0;margin:0;line-height:1}.elementor-widget-heading .elementor-heading-title[class*=elementor-size-]>a{color:inherit;font-size:inherit;line-height:inherit}.elementor-widget-heading .elementor-heading-title.elementor-size-small{font-size:15px}.elementor-widget-heading .elementor-heading-title.elementor-size-medium{font-size:19px}.elementor-widget-heading .elementor-heading-title.elementor-size-large{font-size:29px}.elementor-widget-heading .elementor-heading-title.elementor-size-xl{font-size:39px}.elementor-widget-heading .elementor-heading-title.elementor-size-xxl{font-size:59px}<\/style><h1 class=\"elementor-heading-title elementor-size-default\">Apartment 2 OG\u200b<\/h1>\t\t<\/div>\n\t\t\t\t<\/div>\n\t\t\t\t\t<\/div>\n\t\t<\/div>\n\t\t\t\t\t\t\t<\/div>\n\t\t<\/section>\n\t\t\t\t<section class=\"elementor-section elementor-top-section elementor-element elementor-element-ee45da8 elementor-section-content-middle elementor-section-boxed elementor-section-height-default elementor-section-height-default\" data-id=\"ee45da8\" data-element_type=\"section\">\n\t\t\t\t\t\t<div class=\"elementor-container elementor-column-gap-no\">\n\t\t\t\t\t<div class=\"elementor-column elementor-col-100 elementor-top-column elementor-element elementor-element-cdb8f6c\" data-id=\"cdb8f6c\" data-element_type=\"column\">\n\t\t\t<div class=\"elementor-widget-wrap elementor-element-populated\">\n\t\t\t\t\t\t\t\t<section class=\"elementor-section elementor-inner-section elementor-element elementor-element-73dc337 elementor-section-content-middle elementor-section-boxed elementor-section-height-default elementor-section-height-default\" data-id=\"73dc337\" data-element_type=\"section\">\n\t\t\t\t\t\t<div class=\"elementor-container elementor-column-gap-default\">\n\t\t\t\t\t<div class=\"elementor-column elementor-col-50 elementor-inner-column elementor-element elementor-element-d668f61\" data-id=\"d668f61\" data-element_type=\"column\">\n\t\t\t<div class=\"elementor-widget-wrap elementor-element-populated\">\n\t\t\t\t\t\t\t\t<div class=\"elementor-element elementor-element-c32f54c elementor-widget elementor-widget-image\" data-id=\"c32f54c\" data-element_type=\"widget\" data-widget_type=\"image.default\">\n\t\t\t\t<div class=\"elementor-widget-container\">\n\t\t\t<style>\/*! elementor - v3.13.3 - 22-05-2023 *\/\n.elementor-widget-image{text-align:center}.elementor-widget-image a{display:inline-block}.elementor-widget-image a img[src$=\".svg\"]{width:48px}.elementor-widget-image img{vertical-align:middle;display:inline-block}<\/style>\t\t\t\t\t\t\t\t\t\t\t\t<img loading=\"lazy\" decoding=\"async\" width=\"800\" height=\"533\" src=\"https:\/\/www.apartments-zuhaus.at\/wp-content\/uploads\/2022\/09\/Apart.-ObergeschossvtkDgRGBulwhBc54qZBl.jpg\" class=\"attachment-full size-full wp-image-892\" alt=\"\" srcset=\"https:\/\/www.apartments-zuhaus.at\/wp-content\/uploads\/2022\/09\/Apart.-ObergeschossvtkDgRGBulwhBc54qZBl.jpg 800w, https:\/\/www.apartments-zuhaus.at\/wp-content\/uploads\/2022\/09\/Apart.-ObergeschossvtkDgRGBulwhBc54qZBl-300x200.jpg 300w, https:\/\/www.apartments-zuhaus.at\/wp-content\/uploads\/2022\/09\/Apart.-ObergeschossvtkDgRGBulwhBc54qZBl-768x512.jpg 768w, https:\/\/www.apartments-zuhaus.at\/wp-content\/uploads\/2022\/09\/Apart.-ObergeschossvtkDgRGBulwhBc54qZBl-18x12.jpg 18w\" sizes=\"auto, (max-width: 800px) 100vw, 800px\" \/>\t\t\t\t\t\t\t\t\t\t\t\t\t\t\t<\/div>\n\t\t\t\t<\/div>\n\t\t\t\t\t<\/div>\n\t\t<\/div>\n\t\t\t\t<div class=\"elementor-column elementor-col-50 elementor-inner-column elementor-element elementor-element-3843905\" data-id=\"3843905\" data-element_type=\"column\">\n\t\t\t<div class=\"elementor-widget-wrap elementor-element-populated\">\n\t\t\t\t\t\t\t\t<div class=\"elementor-element elementor-element-ab12897 elementor-widget elementor-widget-text-editor\" data-id=\"ab12897\" data-element_type=\"widget\" data-widget_type=\"text-editor.default\">\n\t\t\t\t<div class=\"elementor-widget-container\">\n\t\t\t<style>\/*! elementor - v3.13.3 - 22-05-2023 *\/\n.elementor-widget-text-editor.elementor-drop-cap-view-stacked .elementor-drop-cap{background-color:#69727d;color:#fff}.elementor-widget-text-editor.elementor-drop-cap-view-framed .elementor-drop-cap{color:#69727d;border:3px solid;background-color:transparent}.elementor-widget-text-editor:not(.elementor-drop-cap-view-default) .elementor-drop-cap{margin-top:8px}.elementor-widget-text-editor:not(.elementor-drop-cap-view-default) .elementor-drop-cap-letter{width:1em;height:1em}.elementor-widget-text-editor .elementor-drop-cap{float:left;text-align:center;line-height:1;font-size:50px}.elementor-widget-text-editor .elementor-drop-cap-letter{display:inline-block}<\/style>\t\t\t\t<p>Our apartment on the second floor has two separate areas to enjoy your morning coffee outside or have a nice glass of wine and some antipasti in the evening! One is an amazing viewpoint that looks over the whole of Winkl and the other is a large spacious balcony ideal for spending some precious time with the family.<\/p><p>This flat also has a new modern open plan design which can also sleep up to six people.<\/p>\t\t\t\t\t\t<\/div>\n\t\t\t\t<\/div>\n\t\t\t\t\t<\/div>\n\t\t<\/div>\n\t\t\t\t\t\t\t<\/div>\n\t\t<\/section>\n\t\t\t\t\t<\/div>\n\t\t<\/div>\n\t\t\t\t\t\t\t<\/div>\n\t\t<\/section>\n\t\t\t\t<section class=\"elementor-section elementor-top-section elementor-element elementor-element-19092c7b elementor-section-boxed elementor-section-height-default elementor-section-height-default\" data-id=\"19092c7b\" data-element_type=\"section\" data-settings=\"{&quot;background_background&quot;:&quot;classic&quot;}\">\n\t\t\t\t\t\t<div class=\"elementor-container elementor-column-gap-wide\">\n\t\t\t\t\t<div class=\"elementor-column elementor-col-100 elementor-top-column elementor-element elementor-element-3090a1c4\" data-id=\"3090a1c4\" data-element_type=\"column\">\n\t\t\t<div class=\"elementor-widget-wrap elementor-element-populated\">\n\t\t\t\t\t\t\t\t<section class=\"elementor-section elementor-inner-section elementor-element elementor-element-ed19719 elementor-section-content-middle elementor-section-boxed elementor-section-height-default elementor-section-height-default\" data-id=\"ed19719\" data-element_type=\"section\" data-settings=\"{&quot;background_background&quot;:&quot;classic&quot;}\">\n\t\t\t\t\t\t<div class=\"elementor-container elementor-column-gap-default\">\n\t\t\t\t\t<div class=\"elementor-column elementor-col-50 elementor-inner-column elementor-element elementor-element-2fbbf85\" data-id=\"2fbbf85\" data-element_type=\"column\" data-settings=\"{&quot;background_background&quot;:&quot;classic&quot;}\">\n\t\t\t<div class=\"elementor-widget-wrap elementor-element-populated\">\n\t\t\t\t\t<div class=\"elementor-background-overlay\"><\/div>\n\t\t\t\t\t\t\t\t<div class=\"elementor-element elementor-element-f8c83a7 elementor-widget elementor-widget-image\" data-id=\"f8c83a7\" data-element_type=\"widget\" data-widget_type=\"image.default\">\n\t\t\t\t<div class=\"elementor-widget-container\">\n\t\t\t\t\t\t\t\t\t\t\t\t\t\t\t<img loading=\"lazy\" decoding=\"async\" width=\"1024\" height=\"852\" src=\"https:\/\/www.apartments-zuhaus.at\/wp-content\/uploads\/2022\/07\/Plan_Wohnung2-2-1024x852.jpg\" class=\"attachment-large size-large wp-image-760\" alt=\"\" srcset=\"https:\/\/www.apartments-zuhaus.at\/wp-content\/uploads\/2022\/07\/Plan_Wohnung2-2-1024x852.jpg 1024w, https:\/\/www.apartments-zuhaus.at\/wp-content\/uploads\/2022\/07\/Plan_Wohnung2-2-300x250.jpg 300w, https:\/\/www.apartments-zuhaus.at\/wp-content\/uploads\/2022\/07\/Plan_Wohnung2-2-768x639.jpg 768w, https:\/\/www.apartments-zuhaus.at\/wp-content\/uploads\/2022\/07\/Plan_Wohnung2-2-1536x1278.jpg 1536w, https:\/\/www.apartments-zuhaus.at\/wp-content\/uploads\/2022\/07\/Plan_Wohnung2-2-2048x1705.jpg 2048w, https:\/\/www.apartments-zuhaus.at\/wp-content\/uploads\/2022\/07\/Plan_Wohnung2-2-14x12.jpg 14w\" sizes=\"auto, (max-width: 1024px) 100vw, 1024px\" \/>\t\t\t\t\t\t\t\t\t\t\t\t\t\t\t<\/div>\n\t\t\t\t<\/div>\n\t\t\t\t<div class=\"elementor-element elementor-element-6d5d977 elementor-widget elementor-widget-heading\" data-id=\"6d5d977\" data-element_type=\"widget\" data-widget_type=\"heading.default\">\n\t\t\t\t<div class=\"elementor-widget-container\">\n\t\t\t<h6 class=\"elementor-heading-title elementor-size-default\">\u20ac 270,- \/ Nacht<\/h6>\t\t<\/div>\n\t\t\t\t<\/div>\n\t\t\t\t\t<\/div>\n\t\t<\/div>\n\t\t\t\t<div class=\"elementor-column elementor-col-50 elementor-inner-column elementor-element elementor-element-30f04d4\" data-id=\"30f04d4\" data-element_type=\"column\">\n\t\t\t<div class=\"elementor-widget-wrap elementor-element-populated\">\n\t\t\t\t\t\t\t\t<div class=\"elementor-element elementor-element-5424901 elementor-widget elementor-widget-heading\" data-id=\"5424901\" data-element_type=\"widget\" data-widget_type=\"heading.default\">\n\t\t\t\t<div class=\"elementor-widget-container\">\n\t\t\t<h4 class=\"elementor-heading-title elementor-size-default\">Flat 2 OG<\/h4>\t\t<\/div>\n\t\t\t\t<\/div>\n\t\t\t\t<div class=\"elementor-element elementor-element-1401fae elementor-widget elementor-widget-text-editor\" data-id=\"1401fae\" data-element_type=\"widget\" data-widget_type=\"text-editor.default\">\n\t\t\t\t<div class=\"elementor-widget-container\">\n\t\t\t\t\t\t\t<ul style=\"font-size: 17px;font-style: normal;font-weight: 400\"><li>Approx. 80m\u00b2 with 2 bedrooms with double bed<\/li><li>Fully equipped kitchen with cooker, oven, coffee machine, microwave, kettle,\u2026<\/li><li>Spacious bathroom with walk-in shower and washing machine<\/li><li>Separate WC<\/li><li>Terrace approx. 25m\u00b2<\/li><li>TV in all rooms<\/li><li>Free W-Lan<\/li><li>Free parking space<br \/>Breakfast not included<\/li><\/ul>\t\t\t\t\t\t<\/div>\n\t\t\t\t<\/div>\n\t\t\t\t\t<\/div>\n\t\t<\/div>\n\t\t\t\t\t\t\t<\/div>\n\t\t<\/section>\n\t\t\t\t\t<\/div>\n\t\t<\/div>\n\t\t\t\t\t\t\t<\/div>\n\t\t<\/section>\n\t\t\t\t<section class=\"elementor-section elementor-top-section elementor-element elementor-element-7a884937 elementor-section-boxed elementor-section-height-default elementor-section-height-default\" data-id=\"7a884937\" data-element_type=\"section\" id=\"gallery\" data-settings=\"{&quot;background_background&quot;:&quot;classic&quot;}\">\n\t\t\t\t\t\t<div class=\"elementor-container elementor-column-gap-default\">\n\t\t\t\t\t<div class=\"elementor-column elementor-col-100 elementor-top-column elementor-element elementor-element-7678e623\" data-id=\"7678e623\" data-element_type=\"column\">\n\t\t\t<div class=\"elementor-widget-wrap elementor-element-populated\">\n\t\t\t\t\t\t\t\t<div class=\"elementor-element elementor-element-1133884 elementor-widget elementor-widget-heading\" data-id=\"1133884\" data-element_type=\"widget\" data-widget_type=\"heading.default\">\n\t\t\t\t<div class=\"elementor-widget-container\">\n\t\t\t<h2 class=\"elementor-heading-title elementor-size-default\">Gallery<\/h2>\t\t<\/div>\n\t\t\t\t<\/div>\n\t\t\t\t<div class=\"elementor-element elementor-element-442e1557 elementor-arrows-position-inside elementor-widget elementor-widget-image-carousel\" data-id=\"442e1557\" data-element_type=\"widget\" data-settings=\"{&quot;slides_to_show&quot;:&quot;4&quot;,&quot;slides_to_show_tablet&quot;:&quot;3&quot;,&quot;slides_to_show_mobile&quot;:&quot;1&quot;,&quot;slides_to_scroll&quot;:&quot;1&quot;,&quot;navigation&quot;:&quot;arrows&quot;,&quot;autoplay_speed&quot;:4000,&quot;speed&quot;:1000,&quot;image_spacing_custom&quot;:{&quot;unit&quot;:&quot;px&quot;,&quot;size&quot;:30,&quot;sizes&quot;:[]},&quot;autoplay&quot;:&quot;yes&quot;,&quot;pause_on_hover&quot;:&quot;yes&quot;,&quot;pause_on_interaction&quot;:&quot;yes&quot;,&quot;infinite&quot;:&quot;yes&quot;,&quot;image_spacing_custom_tablet&quot;:{&quot;unit&quot;:&quot;px&quot;,&quot;size&quot;:&quot;&quot;,&quot;sizes&quot;:[]}}\" data-widget_type=\"image-carousel.default\">\n\t\t\t\t<div class=\"elementor-widget-container\">\n\t\t\t<style>\/*! elementor - v3.13.3 - 22-05-2023 *\/\n.elementor-widget-image-carousel .swiper,.elementor-widget-image-carousel .swiper-container{position:static}.elementor-widget-image-carousel .swiper-container .swiper-slide figure,.elementor-widget-image-carousel .swiper .swiper-slide figure{line-height:inherit}.elementor-widget-image-carousel .swiper-slide{text-align:center}.elementor-image-carousel-wrapper:not(.swiper-container-initialized):not(.swiper-initialized) .swiper-slide{max-width:calc(100% \/ var(--e-image-carousel-slides-to-show, 3))}<\/style>\t\t<div class=\"elementor-image-carousel-wrapper swiper-container\" dir=\"ltr\">\n\t\t\t<div class=\"elementor-image-carousel swiper-wrapper swiper-image-stretch\">\n\t\t\t\t\t\t\t\t<div class=\"swiper-slide\"><a data-elementor-open-lightbox=\"yes\" data-elementor-lightbox-slideshow=\"442e1557\" data-elementor-lightbox-title=\"Apart. ObergeschossvtkDgRGBulwhBc54qZBl\" data-e-action-hash=\"#elementor-action%3Aaction%3Dlightbox%26settings%3DeyJpZCI6ODkyLCJ1cmwiOiJodHRwczpcL1wvd3d3LmFwYXJ0bWVudHMtenVoYXVzLmF0XC93cC1jb250ZW50XC91cGxvYWRzXC8yMDIyXC8wOVwvQXBhcnQuLU9iZXJnZXNjaG9zc3Z0a0RnUkdCdWx3aEJjNTRxWkJsLmpwZyIsInNsaWRlc2hvdyI6IjQ0MmUxNTU3In0%3D\" href=\"https:\/\/www.apartments-zuhaus.at\/wp-content\/uploads\/2022\/09\/Apart.-ObergeschossvtkDgRGBulwhBc54qZBl.jpg\"><figure class=\"swiper-slide-inner\"><img decoding=\"async\" class=\"swiper-slide-image\" src=\"https:\/\/www.apartments-zuhaus.at\/wp-content\/uploads\/elementor\/thumbs\/Apart.-ObergeschossvtkDgRGBulwhBc54qZBl-pv35ft3ox3s2qkhgz6882kslkqxcyvf52eznzcvn3s.jpg\" alt=\"Apart. ObergeschossvtkDgRGBulwhBc54qZBl\" \/><\/figure><\/a><\/div><div class=\"swiper-slide\"><a data-elementor-open-lightbox=\"yes\" data-elementor-lightbox-slideshow=\"442e1557\" data-elementor-lightbox-title=\"Apart. ObergeschosssthDhqDFyBcEtlQl3vXK\" data-e-action-hash=\"#elementor-action%3Aaction%3Dlightbox%26settings%3DeyJpZCI6ODkxLCJ1cmwiOiJodHRwczpcL1wvd3d3LmFwYXJ0bWVudHMtenVoYXVzLmF0XC93cC1jb250ZW50XC91cGxvYWRzXC8yMDIyXC8wOVwvQXBhcnQuLU9iZXJnZXNjaG9zc3N0aERocURGeUJjRXRsUWwzdlhLLmpwZyIsInNsaWRlc2hvdyI6IjQ0MmUxNTU3In0%3D\" href=\"https:\/\/www.apartments-zuhaus.at\/wp-content\/uploads\/2022\/09\/Apart.-ObergeschosssthDhqDFyBcEtlQl3vXK.jpg\"><figure class=\"swiper-slide-inner\"><img decoding=\"async\" class=\"swiper-slide-image\" src=\"https:\/\/www.apartments-zuhaus.at\/wp-content\/uploads\/elementor\/thumbs\/Apart.-ObergeschosssthDhqDFyBcEtlQl3vXK-pv35fs5uq9qseyiu4ntli314zd1zr6beqac6i2x1a0.jpg\" alt=\"Apart. ObergeschosssthDhqDFyBcEtlQl3vXK\" \/><\/figure><\/a><\/div><div class=\"swiper-slide\"><a data-elementor-open-lightbox=\"yes\" data-elementor-lightbox-slideshow=\"442e1557\" data-elementor-lightbox-title=\"Apart. Obergeschossnf6qFKh5yfpUzni503vd\" data-e-action-hash=\"#elementor-action%3Aaction%3Dlightbox%26settings%3DeyJpZCI6ODkwLCJ1cmwiOiJodHRwczpcL1wvd3d3LmFwYXJ0bWVudHMtenVoYXVzLmF0XC93cC1jb250ZW50XC91cGxvYWRzXC8yMDIyXC8wOVwvQXBhcnQuLU9iZXJnZXNjaG9zc25mNnFGS2g1eWZwVXpuaTUwM3ZkLXNjYWxlZC5qcGciLCJzbGlkZXNob3ciOiI0NDJlMTU1NyJ9\" href=\"https:\/\/www.apartments-zuhaus.at\/wp-content\/uploads\/2022\/09\/Apart.-Obergeschossnf6qFKh5yfpUzni503vd-scaled.jpg\"><figure class=\"swiper-slide-inner\"><img decoding=\"async\" class=\"swiper-slide-image\" src=\"https:\/\/www.apartments-zuhaus.at\/wp-content\/uploads\/elementor\/thumbs\/Apart.-Obergeschossnf6qFKh5yfpUzni503vd-scaled-pv35fpcc5rmxg4mxl4lpslqr77fw4307pwdq2917so.jpg\" alt=\"Apart. Obergeschossnf6qFKh5yfpUzni503vd\" \/><\/figure><\/a><\/div><div class=\"swiper-slide\"><a data-elementor-open-lightbox=\"yes\" data-elementor-lightbox-slideshow=\"442e1557\" data-elementor-lightbox-title=\"Apart. ObergeschossDSC05263\" data-e-action-hash=\"#elementor-action%3Aaction%3Dlightbox%26settings%3DeyJpZCI6ODg5LCJ1cmwiOiJodHRwczpcL1wvd3d3LmFwYXJ0bWVudHMtenVoYXVzLmF0XC93cC1jb250ZW50XC91cGxvYWRzXC8yMDIyXC8wOVwvQXBhcnQuLU9iZXJnZXNjaG9zc0RTQzA1MjYzLXNjYWxlZC5qcGciLCJzbGlkZXNob3ciOiI0NDJlMTU1NyJ9\" href=\"https:\/\/www.apartments-zuhaus.at\/wp-content\/uploads\/2022\/09\/Apart.-ObergeschossDSC05263-scaled.jpg\"><figure class=\"swiper-slide-inner\"><img decoding=\"async\" class=\"swiper-slide-image\" src=\"https:\/\/www.apartments-zuhaus.at\/wp-content\/uploads\/elementor\/thumbs\/Apart.-ObergeschossDSC05263-scaled-pv35ffxy9fa2810l40jg3o459cq7z3ywcluv9hf5iw.jpg\" alt=\"Apart. ObergeschossDSC05263\" \/><\/figure><\/a><\/div><div class=\"swiper-slide\"><a data-elementor-open-lightbox=\"yes\" data-elementor-lightbox-slideshow=\"442e1557\" data-elementor-lightbox-title=\"Apart. ObergeschossDSC02857\" data-e-action-hash=\"#elementor-action%3Aaction%3Dlightbox%26settings%3DeyJpZCI6ODg4LCJ1cmwiOiJodHRwczpcL1wvd3d3LmFwYXJ0bWVudHMtenVoYXVzLmF0XC93cC1jb250ZW50XC91cGxvYWRzXC8yMDIyXC8wOVwvQXBhcnQuLU9iZXJnZXNjaG9zc0RTQzAyODU3LXNjYWxlZC5qcGciLCJzbGlkZXNob3ciOiI0NDJlMTU1NyJ9\" href=\"https:\/\/www.apartments-zuhaus.at\/wp-content\/uploads\/2022\/09\/Apart.-ObergeschossDSC02857-scaled.jpg\"><figure class=\"swiper-slide-inner\"><img decoding=\"async\" class=\"swiper-slide-image\" src=\"https:\/\/www.apartments-zuhaus.at\/wp-content\/uploads\/elementor\/thumbs\/Apart.-ObergeschossDSC02857-scaled-pv35f4nvzeumcpgyxvnx9qym4q9teqq4b211i5vvlk.jpg\" alt=\"Apart. ObergeschossDSC02857\" \/><\/figure><\/a><\/div>\t\t\t<\/div>\n\t\t\t\t\t\t\t\t\t\t\t\t\t\t\t\t<div class=\"elementor-swiper-button elementor-swiper-button-prev\" role=\"button\" tabindex=\"0\">\n\t\t\t\t\t\t<i aria-hidden=\"true\" class=\"eicon-chevron-left\"><\/i>\t\t\t\t\t\t<span class=\"elementor-screen-only\">Previous image<\/span>\n\t\t\t\t\t<\/div>\n\t\t\t\t\t<div class=\"elementor-swiper-button elementor-swiper-button-next\" role=\"button\" tabindex=\"0\">\n\t\t\t\t\t\t<i aria-hidden=\"true\" class=\"eicon-chevron-right\"><\/i>\t\t\t\t\t\t<span class=\"elementor-screen-only\">Next image<\/span>\n\t\t\t\t\t<\/div>\n\t\t\t\t\t\t\t\t\t<\/div>\n\t\t\t\t<\/div>\n\t\t\t\t<\/div>\n\t\t\t\t\t<\/div>\n\t\t<\/div>\n\t\t\t\t\t\t\t<\/div>\n\t\t<\/section>\n\t\t\t\t<section class=\"elementor-section elementor-top-section elementor-element elementor-element-790212bb elementor-section-content-middle elementor-section-boxed elementor-section-height-default elementor-section-height-default\" data-id=\"790212bb\" data-element_type=\"section\" data-settings=\"{&quot;background_background&quot;:&quot;classic&quot;}\">\n\t\t\t\t\t\t\t<div class=\"elementor-background-overlay\"><\/div>\n\t\t\t\t\t\t\t<div class=\"elementor-container elementor-column-gap-default\">\n\t\t\t\t\t<div class=\"elementor-column elementor-col-50 elementor-top-column elementor-element elementor-element-62b04519\" data-id=\"62b04519\" data-element_type=\"column\">\n\t\t\t<div class=\"elementor-widget-wrap elementor-element-populated\">\n\t\t\t\t\t\t\t\t<div class=\"elementor-element elementor-element-4c060227 elementor-widget elementor-widget-heading\" data-id=\"4c060227\" data-element_type=\"widget\" data-widget_type=\"heading.default\">\n\t\t\t\t<div class=\"elementor-widget-container\">\n\t\t\t<h2 class=\"elementor-heading-title elementor-size-default\">Escape To The Luxury This Summer<\/h2>\t\t<\/div>\n\t\t\t\t<\/div>\n\t\t\t\t<div class=\"elementor-element elementor-element-254f233b elementor-widget elementor-widget-text-editor\" data-id=\"254f233b\" data-element_type=\"widget\" data-widget_type=\"text-editor.default\">\n\t\t\t\t<div class=\"elementor-widget-container\">\n\t\t\t\t\t\t\t\t\t\t\t\t\t<\/div>\n\t\t\t\t<\/div>\n\t\t\t\t\t<\/div>\n\t\t<\/div>\n\t\t\t\t<div class=\"elementor-column elementor-col-50 elementor-top-column elementor-element elementor-element-4710765d\" data-id=\"4710765d\" data-element_type=\"column\">\n\t\t\t<div class=\"elementor-widget-wrap elementor-element-populated\">\n\t\t\t\t\t\t\t\t<div class=\"elementor-element elementor-element-1f116f92 elementor-align-right elementor-mobile-align-center elementor-tablet-align-center elementor-widget elementor-widget-button\" data-id=\"1f116f92\" data-element_type=\"widget\" data-widget_type=\"button.default\">\n\t\t\t\t<div class=\"elementor-widget-container\">\n\t\t\t\t\t<div class=\"elementor-button-wrapper\">\n\t\t\t<a href=\"#bookings\" class=\"elementor-button-link elementor-button elementor-size-lg\" role=\"button\">\n\t\t\t\t\t\t<span class=\"elementor-button-content-wrapper\">\n\t\t\t\t\t\t\t<span class=\"elementor-button-icon elementor-align-icon-right\">\n\t\t\t\t<i aria-hidden=\"true\" class=\"fas fa-long-arrow-alt-right\"><\/i>\t\t\t<\/span>\n\t\t\t\t\t\t<span class=\"elementor-button-text\">Make An Enquiry<\/span>\n\t\t<\/span>\n\t\t\t\t\t<\/a>\n\t\t<\/div>\n\t\t\t\t<\/div>\n\t\t\t\t<\/div>\n\t\t\t\t\t<\/div>\n\t\t<\/div>\n\t\t\t\t\t\t\t<\/div>\n\t\t<\/section>\n\t\t\t\t\t\t\t<\/div>","protected":false},"excerpt":{"rendered":"<p>Apartment 2 OG\u200b Unsere Apartment im zweiten Stock hat zwei getrennte Bereiche, in denen ihr euren Morgenkaffee drau\u00dfen genie\u00dfen oder abends ein sch\u00f6nes Glas Wein und ein paar Antipasti essen k\u00f6nnt! Der eine ist ein fantastischer Aussichtspunkt, von dem aus ihr ganz Winkl \u00fcberblicken k\u00f6nnt, und der andere ist ein gro\u00dfer, ger\u00e4umiger Balkon, auf dem &hellip;<\/p>\n<p class=\"read-more\"> <a class=\"\" href=\"https:\/\/www.apartments-zuhaus.at\/en\/apartment-2-og\"> <span class=\"screen-reader-text\">Apartment 2 OG\u200b<\/span> Read More &raquo;<\/a><\/p>","protected":false},"author":1,"featured_media":0,"parent":0,"menu_order":0,"comment_status":"closed","ping_status":"closed","template":"","meta":{"site-sidebar-layout":"no-sidebar","site-content-layout":"page-builder","ast-global-header-display":"","ast-banner-title-visibility":"","ast-main-header-display":"","ast-hfb-above-header-display":"","ast-hfb-below-header-display":"","ast-hfb-mobile-header-display":"","site-post-title":"disabled","ast-breadcrumbs-content":"","ast-featured-img":"disabled","footer-sml-layout":"","theme-transparent-header-meta":"enabled","adv-header-id-meta":"","stick-header-meta":"","header-above-stick-meta":"","header-main-stick-meta":"","header-below-stick-meta":"","footnotes":""},"class_list":["post-886","page","type-page","status-publish","hentry"],"_links":{"self":[{"href":"https:\/\/www.apartments-zuhaus.at\/en\/wp-json\/wp\/v2\/pages\/886","targetHints":{"allow":["GET"]}}],"collection":[{"href":"https:\/\/www.apartments-zuhaus.at\/en\/wp-json\/wp\/v2\/pages"}],"about":[{"href":"https:\/\/www.apartments-zuhaus.at\/en\/wp-json\/wp\/v2\/types\/page"}],"author":[{"embeddable":true,"href":"https:\/\/www.apartments-zuhaus.at\/en\/wp-json\/wp\/v2\/users\/1"}],"replies":[{"embeddable":true,"href":"https:\/\/www.apartments-zuhaus.at\/en\/wp-json\/wp\/v2\/comments?post=886"}],"version-history":[{"count":5,"href":"https:\/\/www.apartments-zuhaus.at\/en\/wp-json\/wp\/v2\/pages\/886\/revisions"}],"predecessor-version":[{"id":972,"href":"https:\/\/www.apartments-zuhaus.at\/en\/wp-json\/wp\/v2\/pages\/886\/revisions\/972"}],"wp:attachment":[{"href":"https:\/\/www.apartments-zuhaus.at\/en\/wp-json\/wp\/v2\/media?parent=886"}],"curies":[{"name":"wp","href":"https:\/\/api.w.org\/{rel}","templated":true}]}}